{"id":64,"date":"2025-02-09T16:46:13","date_gmt":"2025-02-09T15:46:13","guid":{"rendered":"https:\/\/stellaria-morvan.fr\/?page_id=64"},"modified":"2025-04-02T10:40:11","modified_gmt":"2025-04-02T08:40:11","slug":"accueil","status":"publish","type":"page","link":"https:\/\/stellaria-morvan.fr\/","title":{"rendered":"Accueil"},"content":{"rendered":"<div class=\"wp-block-cover alignfull has-parallax\"><span aria-hidden=\"true\" class=\"wp-block-cover__background has-background-dim-40 has-background-dim\" style=\"background-color:#000000\"><\/span><div class=\"wp-block-cover__image-background wp-image-89 has-parallax\" style=\"background-position:50% 50%;background-image:url(http:\/\/stellaria-morvan.fr\/wp-content\/uploads\/2025\/02\/P1070273-scaled.jpg)\"><\/div><div class=\"wp-block-cover__inner-container is-layout-flow wp-block-cover-is-layout-flow\"><h3 class=\"wp-block-heading alignwide has-white-color has-text-color\" style=\"font-size:48px;line-height:1.2\"><strong><em>Stellaria<\/em><\/strong><br><strong>Plantes aromatiques et m\u00e9dicinales<\/strong><\/h3>\n\n<div class=\"wp-block-columns alignwide is-layout-flex wp-container-core-columns-is-layout-9d6595d7 wp-block-columns-is-layout-flex\"><div class=\"wp-block-column is-layout-flow wp-block-column-is-layout-flow\" style=\"flex-basis:60%\"><p class=\"has-text-color\" style=\"color:#ffffff\">&#8230;&#8230;<\/p>\n\n<div class=\"wp-block-buttons is-layout-flex wp-block-buttons-is-layout-flex\"><div class=\"wp-block-button is-style-outline is-style-outline--1\"><a class=\"wp-block-button__link has-text-color has-background wp-element-button\" style=\"color:#ffffff;background-color:#000000\">Visitez<\/a><\/div><\/div><\/div>\n\n<div class=\"wp-block-column is-layout-flow wp-block-column-is-layout-flow\"><\/div><\/div><\/div><\/div><div class=\"wp-block-group alignfull is-content-justification-center\" style=\"margin-top:0;margin-bottom:0;padding-top:calc( 0.5 * var(--wp--style--root--padding-right, var(--wp--custom--gap--horizontal)));padding-right:var(--wp--style--root--padding-right, var(--wp--custom--gap--horizontal));padding-bottom:calc( 0.5 * var(--wp--style--root--padding-right, var(--wp--custom--gap--horizontal)));padding-left:var(--wp--style--root--padding-left, var(--wp--custom--gap--horizontal))\"><div class=\"wp-block-group__inner-container is-layout-constrained wp-container-core-group-is-layout-b073b61b wp-block-group-is-layout-constrained\"><div style=\"height:calc( 0.25 * var(--wp--style--root--padding-right, var(--wp--custom--gap--horizontal)))\" aria-hidden=\"true\" class=\"wp-block-spacer\"><\/div>\n\n<div class=\"wp-block-columns alignwide are-vertically-aligned-center is-layout-flex wp-container-core-columns-is-layout-6aa4370a wp-block-columns-is-layout-flex\"><div class=\"wp-block-column is-vertically-aligned-center is-layout-flow wp-block-column-is-layout-flow\"><h2 class=\"wp-block-heading alignwide\"><br><br><br>Producteurs de plantes aromatiques et m\u00e9dicinales \u00e0 St L\u00e9ger-sous-Beuvray.<\/h2>\n\n<p><br><br>Apr\u00e8s 2 ann\u00e9es de formation, un Brevet Professionnel de Responsable en Exploitation Agricole en agriculture biologique \u00e0 Chateau-Chinon et un Certificat de Sp\u00e9cialisation en Plantes Aromatiques et M\u00e9dicinales \u00e0 Montmorot nous sommes enfin pr\u00eats en 2022 \u00e0 nous lancer dans la merveilleuse aventure de l&#8217;agriculture paysanne&nbsp;: un lien qui s&#8217;est cr\u00e9e avec le temps et les nombreuses exp\u00e9riences dans le domaine agricole. Nous nous sommes pris de passion pour le monde des plantes et l&#8217;id\u00e9e de cr\u00e9er notre ferme de plantes aromatiques et m\u00e9dicinales \u00e0 doucement germ\u00e9e dans nos t\u00eates pour enfin aboutir \u00e0 ce projet.<\/p>\n\n<p>Pour nous il est important de remettre au c\u0153ur de notre alimentation quotidienne des plantes dont les vertus ne sont plus \u00e0 prouver en ajoutant tout un panel de saveurs et de couleurs originales et authentiques.<\/p>\n\n<div class=\"wp-block-buttons is-layout-flex wp-block-buttons-is-layout-flex\"><div class=\"wp-block-button\"><a class=\"wp-block-button__link wp-element-button\">Nous rencontrer<\/a><\/div><\/div><\/div>\n\n<div class=\"wp-block-column is-vertically-aligned-center is-layout-flow wp-block-column-is-layout-flow\"><figure class=\"wp-block-image alignwide size-full\"><img loading=\"lazy\" decoding=\"async\" width=\"2560\" height=\"1920\" src=\"https:\/\/stellaria-morvan.fr\/wp-content\/uploads\/2025\/02\/P1060442-scaled.jpg\" alt=\"\" class=\"wp-image-170\" srcset=\"https:\/\/stellaria-morvan.fr\/wp-content\/uploads\/2025\/02\/P1060442-scaled.jpg 2560w, https:\/\/stellaria-morvan.fr\/wp-content\/uploads\/2025\/02\/P1060442-300x225.jpg 300w, https:\/\/stellaria-morvan.fr\/wp-content\/uploads\/2025\/02\/P1060442-1024x768.jpg 1024w, https:\/\/stellaria-morvan.fr\/wp-content\/uploads\/2025\/02\/P1060442-768x576.jpg 768w, https:\/\/stellaria-morvan.fr\/wp-content\/uploads\/2025\/02\/P1060442-1536x1152.jpg 1536w, https:\/\/stellaria-morvan.fr\/wp-content\/uploads\/2025\/02\/P1060442-2048x1536.jpg 2048w, https:\/\/stellaria-morvan.fr\/wp-content\/uploads\/2025\/02\/P1060442-600x450.jpg 600w\" sizes=\"auto, (max-width: 2560px) 100vw, 2560px\" \/><\/figure><\/div><\/div>\n\n<div style=\"height:calc( 0.25 * var(--wp--style--root--padding-right, var(--wp--custom--gap--horizontal)))\" aria-hidden=\"true\" class=\"wp-block-spacer\"><\/div><\/div><\/div><div class=\"wp-block-group alignfull is-content-justification-center\" style=\"margin-top:0;margin-bottom:0;padding-top:calc( 0.5 * var(--wp--style--root--padding-right, var(--wp--custom--gap--horizontal)));padding-right:var(--wp--style--root--padding-right, var(--wp--custom--gap--horizontal));padding-bottom:calc( 0.5 * var(--wp--style--root--padding-right, var(--wp--custom--gap--horizontal)));padding-left:var(--wp--style--root--padding-left, var(--wp--custom--gap--horizontal))\"><div class=\"wp-block-group__inner-container is-layout-constrained wp-container-core-group-is-layout-bea43fe8 wp-block-group-is-layout-constrained\"><div style=\"height:calc( 0.25 * var(--wp--style--root--padding-right, var(--wp--custom--gap--horizontal)))\" aria-hidden=\"true\" class=\"wp-block-spacer\"><\/div>\n\n<div class=\"wp-block-columns alignfull is-layout-flex wp-container-core-columns-is-layout-5f4f44cd wp-block-columns-is-layout-flex\" style=\"padding-top:0;padding-right:0;padding-bottom:0;padding-left:0\"><div class=\"wp-block-column is-layout-flow wp-block-column-is-layout-flow\"><div class=\"wp-block-cover is-light\"><span aria-hidden=\"true\" class=\"wp-block-cover__background has-background-dim-0 has-background-dim\" style=\"background-color:#858f68\"><\/span><img loading=\"lazy\" decoding=\"async\" width=\"2560\" height=\"1920\" class=\"wp-block-cover__image-background wp-image-79\" alt=\"\" src=\"http:\/\/stellaria-morvan.fr\/wp-content\/uploads\/2025\/02\/P1060744-scaled.jpg\" data-object-fit=\"cover\" srcset=\"https:\/\/stellaria-morvan.fr\/wp-content\/uploads\/2025\/02\/P1060744-scaled.jpg 2560w, https:\/\/stellaria-morvan.fr\/wp-content\/uploads\/2025\/02\/P1060744-300x225.jpg 300w, https:\/\/stellaria-morvan.fr\/wp-content\/uploads\/2025\/02\/P1060744-1024x768.jpg 1024w, https:\/\/stellaria-morvan.fr\/wp-content\/uploads\/2025\/02\/P1060744-768x576.jpg 768w, https:\/\/stellaria-morvan.fr\/wp-content\/uploads\/2025\/02\/P1060744-1536x1152.jpg 1536w, https:\/\/stellaria-morvan.fr\/wp-content\/uploads\/2025\/02\/P1060744-2048x1536.jpg 2048w, https:\/\/stellaria-morvan.fr\/wp-content\/uploads\/2025\/02\/P1060744-600x450.jpg 600w\" sizes=\"auto, (max-width: 2560px) 100vw, 2560px\" \/><div class=\"wp-block-cover__inner-container is-layout-flow wp-block-cover-is-layout-flow\"><p class=\"has-text-align-center has-large-font-size\"><\/p><\/div><\/div><\/div>\n\n<div class=\"wp-block-column is-vertically-aligned-center is-layout-constrained wp-container-core-column-is-layout-82686151 wp-block-column-is-layout-constrained\" style=\"padding-top:0;padding-right:0;padding-bottom:0;padding-left:0\"><div class=\"wp-block-group alignfull\" style=\"margin-top:var(--wp--preset--spacing--40);margin-bottom:var(--wp--preset--spacing--40);padding-top:0px;padding-right:60px;padding-bottom:0px;padding-left:60px\"><div class=\"wp-block-group__inner-container is-layout-flow wp-block-group-is-layout-flow\"><h2 class=\"wp-block-heading has-text-align-left has-large-font-size\">La ferme<\/h2>\n\n<p style=\"margin-bottom:var(--wp--preset--spacing--40)\">Nous cultivons plus de quarante esp\u00e8ces de plantes aromatiques et m\u00e9dicinales sur un terrain de 3500m\u00b2 en agriculture biologique, dans le Parc Naturel R\u00e9gional du Morvan. Nous avons fait le choix de tout cultiver \u00e0 la main car la pr\u00e9servation du sol et de la biodiversit\u00e9 qui s&#8217;est install\u00e9e dans notre jardin nous tient particuli\u00e8rement \u00e0 c\u0153ur. Nous essayons d&#8217;intervenir le moins possible pour laisser au maximum la nature faire son travail. <\/p>\n\n<p>Toute la production est ensuite transform\u00e9e sur place par nos soins sur la base de recettes originales imagin\u00e9es par nous m\u00eame, nous proposons une gamme \u00e9largie de plus de 60 produits, il y en a pour tous les go\u00fbts!<\/p>\n\n<div class=\"wp-block-buttons is-layout-flex wp-block-buttons-is-layout-flex\" style=\"margin-top:64px\"><div class=\"wp-block-button has-custom-font-size\"><a class=\"wp-block-button__link has-text-align-left wp-element-button\" href=\"https:\/\/stellaria-morvan.fr\/index.php\/boutique\/\">Visiter le jardin<\/a><\/div><\/div><\/div><\/div><\/div><\/div>\n\n<div class=\"wp-block-columns alignfull is-layout-flex wp-container-core-columns-is-layout-5f4f44cd wp-block-columns-is-layout-flex\" style=\"padding-top:0;padding-right:0;padding-bottom:0;padding-left:0\"><div class=\"wp-block-column is-vertically-aligned-center is-layout-flow wp-block-column-is-layout-flow\" style=\"padding-top:0;padding-right:0;padding-bottom:0;padding-left:0\"><div class=\"wp-block-group\" style=\"padding-top:50px;padding-right:50px;padding-bottom:50px;padding-left:50px\"><div class=\"wp-block-group__inner-container is-layout-constrained wp-container-core-group-is-layout-e8344f45 wp-block-group-is-layout-constrained\"><h2 class=\"wp-block-heading alignwide\" id=\"we-re-a-studio-in-berlin-with-an-international-practice-in-architecture-urban-planning-and-interior-design-we-believe-in-sharing-knowledge-and-promoting-dialogue-to-increase-the-creative-potential-of-collaboration\" style=\"font-size:48px;line-height:1.1\">Le s\u00e9chage<\/h2>\n\n<p><br><br><br>Une grande partie des plantes r\u00e9colt\u00e9es sont s\u00e9ch\u00e9es sur place dans un s\u00e9choir con\u00e7u et fabriqu\u00e9 par nos soins. Les plantes sont, directement apr\u00e8s la cueillette, \u00e9tal\u00e9es sur des claies et s\u00e9ch\u00e9es doucement \u00e0 l&#8217;aide d&#8217;un d\u00e9shumidificateur et d&#8217;un ventilateur, dans l\u2019obscurit\u00e9. Ainsi les plantes conservent parfaitement leurs parfums, leurs couleurs, leurs go\u00fbts et leur propri\u00e9t\u00e9s. Le proc\u00e9d\u00e9 de s\u00e9chage est la pi\u00e8ce ma\u00eetresse de la conservation des plantes pour vous garantir des tisanes et aromates de qualit\u00e9.<\/p><\/div><\/div><\/div>\n\n<div class=\"wp-block-column is-vertically-aligned-center is-layout-flow wp-block-column-is-layout-flow\"><div class=\"wp-block-cover is-light\"><span aria-hidden=\"true\" class=\"wp-block-cover__background has-background-dim-0 has-background-dim\" style=\"background-color:#9b918a\"><\/span><img loading=\"lazy\" decoding=\"async\" width=\"2560\" height=\"1920\" class=\"wp-block-cover__image-background wp-image-78\" alt=\"\" src=\"http:\/\/stellaria-morvan.fr\/wp-content\/uploads\/2025\/02\/P1060737-scaled.jpg\" data-object-fit=\"cover\" srcset=\"https:\/\/stellaria-morvan.fr\/wp-content\/uploads\/2025\/02\/P1060737-scaled.jpg 2560w, https:\/\/stellaria-morvan.fr\/wp-content\/uploads\/2025\/02\/P1060737-300x225.jpg 300w, https:\/\/stellaria-morvan.fr\/wp-content\/uploads\/2025\/02\/P1060737-1024x768.jpg 1024w, https:\/\/stellaria-morvan.fr\/wp-content\/uploads\/2025\/02\/P1060737-768x576.jpg 768w, https:\/\/stellaria-morvan.fr\/wp-content\/uploads\/2025\/02\/P1060737-1536x1152.jpg 1536w, https:\/\/stellaria-morvan.fr\/wp-content\/uploads\/2025\/02\/P1060737-2048x1536.jpg 2048w, https:\/\/stellaria-morvan.fr\/wp-content\/uploads\/2025\/02\/P1060737-600x450.jpg 600w\" sizes=\"auto, (max-width: 2560px) 100vw, 2560px\" \/><div class=\"wp-block-cover__inner-container is-layout-flow wp-block-cover-is-layout-flow\"><p class=\"has-text-align-center has-large-font-size\"><\/p><\/div><\/div><\/div><\/div>\n\n<div class=\"wp-block-columns alignfull is-layout-flex wp-container-core-columns-is-layout-5f4f44cd wp-block-columns-is-layout-flex\" style=\"padding-top:0;padding-right:0;padding-bottom:0;padding-left:0\"><div class=\"wp-block-column is-layout-flow wp-block-column-is-layout-flow\"><div class=\"wp-block-cover is-light\"><span aria-hidden=\"true\" class=\"wp-block-cover__background has-background-dim-0 has-background-dim\" style=\"background-color:#506a39\"><\/span><img loading=\"lazy\" decoding=\"async\" width=\"1920\" height=\"2560\" class=\"wp-block-cover__image-background wp-image-175\" alt=\"\" src=\"http:\/\/stellaria-morvan.fr\/wp-content\/uploads\/2025\/03\/P1060985-scaled.jpg\" data-object-fit=\"cover\" srcset=\"https:\/\/stellaria-morvan.fr\/wp-content\/uploads\/2025\/03\/P1060985-scaled.jpg 1920w, https:\/\/stellaria-morvan.fr\/wp-content\/uploads\/2025\/03\/P1060985-225x300.jpg 225w, https:\/\/stellaria-morvan.fr\/wp-content\/uploads\/2025\/03\/P1060985-768x1024.jpg 768w, https:\/\/stellaria-morvan.fr\/wp-content\/uploads\/2025\/03\/P1060985-1152x1536.jpg 1152w, https:\/\/stellaria-morvan.fr\/wp-content\/uploads\/2025\/03\/P1060985-1536x2048.jpg 1536w, https:\/\/stellaria-morvan.fr\/wp-content\/uploads\/2025\/03\/P1060985-600x800.jpg 600w\" sizes=\"auto, (max-width: 1920px) 100vw, 1920px\" \/><div class=\"wp-block-cover__inner-container is-layout-flow wp-block-cover-is-layout-flow\"><p class=\"has-text-align-center has-large-font-size\"><\/p><\/div><\/div><\/div>\n\n<div class=\"wp-block-column is-vertically-aligned-center is-layout-constrained wp-container-core-column-is-layout-82686151 wp-block-column-is-layout-constrained\" style=\"padding-top:0;padding-right:0;padding-bottom:0;padding-left:0\"><div class=\"wp-block-group alignfull\" style=\"margin-top:var(--wp--preset--spacing--40);margin-bottom:var(--wp--preset--spacing--40);padding-top:0px;padding-right:60px;padding-bottom:0px;padding-left:60px\"><div class=\"wp-block-group__inner-container is-layout-flow wp-block-group-is-layout-flow\"><h2 class=\"wp-block-heading has-text-align-left has-large-font-size\">Cueillette sauvage<\/h2>\n\n<p style=\"margin-bottom:var(--wp--preset--spacing--40)\">Nous profitons d&#8217;un environnement riche en diversit\u00e9, \u00e9loign\u00e9 de grands axes routiers et autres sources de pollution, ainsi nous pratiquons la cueillette sauvage de certaines esp\u00e8ces, en respectant soigneusement de bonnes pratiques afin de pr\u00e9server cette richesse qui nous est offerte.<\/p><\/div><\/div><\/div><\/div>\n\n<div class=\"wp-block-columns alignfull is-layout-flex wp-container-core-columns-is-layout-5f4f44cd wp-block-columns-is-layout-flex\" style=\"padding-top:0;padding-right:0;padding-bottom:0;padding-left:0\"><div class=\"wp-block-column is-vertically-aligned-center is-layout-flow wp-block-column-is-layout-flow\" style=\"padding-top:0;padding-right:0;padding-bottom:0;padding-left:0\"><div class=\"wp-block-group\" style=\"padding-top:50px;padding-right:50px;padding-bottom:50px;padding-left:50px\"><div class=\"wp-block-group__inner-container is-layout-constrained wp-container-core-group-is-layout-e8344f45 wp-block-group-is-layout-constrained\"><h2 class=\"wp-block-heading alignwide\" id=\"we-re-a-studio-in-berlin-with-an-international-practice-in-architecture-urban-planning-and-interior-design-we-believe-in-sharing-knowledge-and-promoting-dialogue-to-increase-the-creative-potential-of-collaboration\" style=\"font-size:48px;line-height:1.1\">Distillation<\/h2>\n\n<p><br><br><br>Installation d&#8217;un atelier de distillation avec alambic en cuivre pour la production d&#8217;hydrolats et eau florales. Une autre forme pour consommer les plantes aromatiques et m\u00e9dicinales, d\u00e9couvrir des nouvelles saveurs et usages \u00e0 travers ce proc\u00e9d\u00e9 tr\u00e8s ancien qu&#8217;est la distillation par entrainement \u00e0 la vapeur d&#8217;eau.<\/p><\/div><\/div>\n\n<div class=\"wp-block-buttons is-layout-flex wp-block-buttons-is-layout-flex\" style=\"margin-top:64px\"><div class=\"wp-block-button\"><a class=\"wp-block-button__link wp-element-button\">Atelier distillation<\/a><\/div><\/div><\/div>\n\n<div class=\"wp-block-column is-vertically-aligned-center is-layout-flow wp-block-column-is-layout-flow\"><div class=\"wp-block-cover is-light\" style=\"min-height:588px;aspect-ratio:unset;\"><span aria-hidden=\"true\" class=\"wp-block-cover__background has-background-dim-0 has-background-dim\" style=\"background-color:#907a61\"><\/span><img loading=\"lazy\" decoding=\"async\" width=\"1920\" height=\"2560\" class=\"wp-block-cover__image-background wp-image-204\" alt=\"\" src=\"http:\/\/stellaria-morvan.fr\/wp-content\/uploads\/2025\/04\/20250323_171041-1-scaled.jpg\" style=\"object-position:57% 27%\" data-object-fit=\"cover\" data-object-position=\"57% 27%\" srcset=\"https:\/\/stellaria-morvan.fr\/wp-content\/uploads\/2025\/04\/20250323_171041-1-scaled.jpg 1920w, https:\/\/stellaria-morvan.fr\/wp-content\/uploads\/2025\/04\/20250323_171041-1-225x300.jpg 225w, https:\/\/stellaria-morvan.fr\/wp-content\/uploads\/2025\/04\/20250323_171041-1-768x1024.jpg 768w, https:\/\/stellaria-morvan.fr\/wp-content\/uploads\/2025\/04\/20250323_171041-1-1152x1536.jpg 1152w, https:\/\/stellaria-morvan.fr\/wp-content\/uploads\/2025\/04\/20250323_171041-1-1536x2048.jpg 1536w, https:\/\/stellaria-morvan.fr\/wp-content\/uploads\/2025\/04\/20250323_171041-1-600x800.jpg 600w\" sizes=\"auto, (max-width: 1920px) 100vw, 1920px\" \/><div class=\"wp-block-cover__inner-container is-layout-flow wp-block-cover-is-layout-flow\"><p class=\"has-text-align-center has-large-font-size\"><\/p><\/div><\/div><\/div><\/div>\n\n<p><\/p><\/div><\/div><div class=\"wp-block-group alignfull is-content-justification-center\" style=\"margin-top:0;margin-bottom:0;padding-top:calc( 0.5 * var(--wp--style--root--padding-right, var(--wp--custom--gap--horizontal)));padding-right:var(--wp--style--root--padding-right, var(--wp--custom--gap--horizontal));padding-bottom:calc( 0.5 * var(--wp--style--root--padding-right, var(--wp--custom--gap--horizontal)));padding-left:var(--wp--style--root--padding-left, var(--wp--custom--gap--horizontal))\"><div class=\"wp-block-group__inner-container is-layout-constrained wp-container-core-group-is-layout-b073b61b wp-block-group-is-layout-constrained\"><div style=\"height:calc( 0.25 * var(--wp--style--root--padding-right, var(--wp--custom--gap--horizontal)))\" aria-hidden=\"true\" class=\"wp-block-spacer\"><\/div>\n\n<div class=\"wp-block-columns alignwide is-layout-flex wp-container-core-columns-is-layout-fb320e7c wp-block-columns-is-layout-flex\" style=\"margin-top:0px;margin-bottom:0px;padding-top:0;padding-right:0;padding-bottom:0;padding-left:0\"><div class=\"wp-block-column is-layout-flow wp-block-column-is-layout-flow\"><div class=\"wp-block-cover has-custom-content-position is-position-bottom-center is-light has-white-color\" style=\"padding-bottom:56px\"><span aria-hidden=\"true\" class=\"wp-block-cover__background has-black-background-color has-background-dim-30 has-background-dim\"><\/span><img loading=\"lazy\" decoding=\"async\" width=\"2560\" height=\"1920\" class=\"wp-block-cover__image-background wp-image-84\" alt=\"\" src=\"http:\/\/stellaria-morvan.fr\/wp-content\/uploads\/2025\/02\/P1070157-scaled.jpg\" data-object-fit=\"cover\" srcset=\"https:\/\/stellaria-morvan.fr\/wp-content\/uploads\/2025\/02\/P1070157-scaled.jpg 2560w, https:\/\/stellaria-morvan.fr\/wp-content\/uploads\/2025\/02\/P1070157-300x225.jpg 300w, https:\/\/stellaria-morvan.fr\/wp-content\/uploads\/2025\/02\/P1070157-1024x768.jpg 1024w, https:\/\/stellaria-morvan.fr\/wp-content\/uploads\/2025\/02\/P1070157-768x576.jpg 768w, https:\/\/stellaria-morvan.fr\/wp-content\/uploads\/2025\/02\/P1070157-1536x1152.jpg 1536w, https:\/\/stellaria-morvan.fr\/wp-content\/uploads\/2025\/02\/P1070157-2048x1536.jpg 2048w, https:\/\/stellaria-morvan.fr\/wp-content\/uploads\/2025\/02\/P1070157-600x450.jpg 600w\" sizes=\"auto, (max-width: 2560px) 100vw, 2560px\" \/><div class=\"wp-block-cover__inner-container is-layout-flow wp-block-cover-is-layout-flow\"><h4 class=\"wp-block-heading has-text-align-center\" style=\"margin-bottom:24px\">Le magasin<\/h4>\n\n<p><\/p>\n\n<p class=\"has-text-align-center has-link-color wp-elements-a8db2aa033ac2ae4c8ab4ccaa78d3eb1\" style=\"margin-top:0;margin-bottom:0;padding-top:0;padding-bottom:0\">\n\t\t\t\t\t\t<a href=\"https:\/\/stellaria-morvan.fr\/index.php\/boutique\/\" data-type=\"link\" data-id=\"https:\/\/stellaria-morvan.fr\/index.php\/boutique\/\">Acheter maintenant<\/a>\n\t\t\t\t\t<\/p><\/div><\/div><\/div>\n\n<div class=\"wp-block-column is-layout-flow wp-block-column-is-layout-flow\"><div class=\"wp-block-cover has-custom-content-position is-position-bottom-center is-light has-white-color\" style=\"padding-bottom:56px\"><span aria-hidden=\"true\" class=\"wp-block-cover__background has-black-background-color has-background-dim-30 has-background-dim\"><\/span><img loading=\"lazy\" decoding=\"async\" width=\"2560\" height=\"2560\" class=\"wp-block-cover__image-background wp-image-205\" alt=\"\" src=\"https:\/\/stellaria-morvan.fr\/wp-content\/uploads\/2025\/04\/20250323_154328-scaled.jpg\" data-object-fit=\"cover\" srcset=\"https:\/\/stellaria-morvan.fr\/wp-content\/uploads\/2025\/04\/20250323_154328-scaled.jpg 2560w, https:\/\/stellaria-morvan.fr\/wp-content\/uploads\/2025\/04\/20250323_154328-300x300.jpg 300w, https:\/\/stellaria-morvan.fr\/wp-content\/uploads\/2025\/04\/20250323_154328-1024x1024.jpg 1024w, https:\/\/stellaria-morvan.fr\/wp-content\/uploads\/2025\/04\/20250323_154328-150x150.jpg 150w, https:\/\/stellaria-morvan.fr\/wp-content\/uploads\/2025\/04\/20250323_154328-768x768.jpg 768w, https:\/\/stellaria-morvan.fr\/wp-content\/uploads\/2025\/04\/20250323_154328-1536x1536.jpg 1536w, https:\/\/stellaria-morvan.fr\/wp-content\/uploads\/2025\/04\/20250323_154328-2048x2048.jpg 2048w, https:\/\/stellaria-morvan.fr\/wp-content\/uploads\/2025\/04\/20250323_154328-600x600.jpg 600w, https:\/\/stellaria-morvan.fr\/wp-content\/uploads\/2025\/04\/20250323_154328-200x200.jpg 200w\" sizes=\"auto, (max-width: 2560px) 100vw, 2560px\" \/><div class=\"wp-block-cover__inner-container is-layout-flow wp-block-cover-is-layout-flow\"><h4 class=\"wp-block-heading has-text-align-center\" style=\"margin-bottom:24px\">Atelier distillation<\/h4>\n\n<p><\/p>\n\n<p class=\"has-text-align-center has-link-color wp-elements-a8db2aa033ac2ae4c8ab4ccaa78d3eb1\" style=\"margin-top:0;margin-bottom:0;padding-top:0;padding-bottom:0\">\n\t\t\t\t\t\t<a href=\"https:\/\/stellaria-morvan.fr\/index.php\/boutique\/\" data-type=\"link\" data-id=\"https:\/\/stellaria-morvan.fr\/index.php\/boutique\/\">Acheter maintenant<\/a>\n\t\t\t\t\t<\/p><\/div><\/div><\/div>\n\n<div class=\"wp-block-column is-layout-flow wp-block-column-is-layout-flow\"><div class=\"wp-block-cover has-custom-content-position is-position-bottom-center is-light has-white-color\" style=\"padding-bottom:56px\"><span aria-hidden=\"true\" class=\"wp-block-cover__background has-black-background-color has-background-dim-30 has-background-dim\"><\/span><img loading=\"lazy\" decoding=\"async\" width=\"2560\" height=\"1920\" class=\"wp-block-cover__image-background wp-image-83\" alt=\"\" src=\"http:\/\/stellaria-morvan.fr\/wp-content\/uploads\/2025\/02\/P1070127-scaled.jpg\" data-object-fit=\"cover\" srcset=\"https:\/\/stellaria-morvan.fr\/wp-content\/uploads\/2025\/02\/P1070127-scaled.jpg 2560w, https:\/\/stellaria-morvan.fr\/wp-content\/uploads\/2025\/02\/P1070127-300x225.jpg 300w, https:\/\/stellaria-morvan.fr\/wp-content\/uploads\/2025\/02\/P1070127-1024x768.jpg 1024w, https:\/\/stellaria-morvan.fr\/wp-content\/uploads\/2025\/02\/P1070127-768x576.jpg 768w, https:\/\/stellaria-morvan.fr\/wp-content\/uploads\/2025\/02\/P1070127-1536x1152.jpg 1536w, https:\/\/stellaria-morvan.fr\/wp-content\/uploads\/2025\/02\/P1070127-2048x1536.jpg 2048w, https:\/\/stellaria-morvan.fr\/wp-content\/uploads\/2025\/02\/P1070127-600x450.jpg 600w\" sizes=\"auto, (max-width: 2560px) 100vw, 2560px\" \/><div class=\"wp-block-cover__inner-container is-layout-flow wp-block-cover-is-layout-flow\"><h4 class=\"wp-block-heading has-text-align-center\" style=\"margin-bottom:24px\">Nos produits<\/h4>\n\n<p><\/p>\n\n<p class=\"has-text-align-center has-link-color wp-elements-a8db2aa033ac2ae4c8ab4ccaa78d3eb1\" style=\"margin-top:0;margin-bottom:0;padding-top:0;padding-bottom:0\">\n\t\t\t\t\t\t<a href=\"https:\/\/stellaria-morvan.fr\/index.php\/boutique\/\" data-type=\"link\" data-id=\"https:\/\/stellaria-morvan.fr\/index.php\/boutique\/\">Acheter maintenant<\/a>\n\t\t\t\t\t<\/p><\/div><\/div><\/div><\/div>\n\n<div style=\"height:calc( 0.25 * var(--wp--style--root--padding-right, var(--wp--custom--gap--horizontal)))\" aria-hidden=\"true\" class=\"wp-block-spacer\"><\/div><\/div><\/div><p><\/p>","protected":false},"excerpt":{"rendered":"<p>Producteurs de plantes aromatiques et m\u00e9dicinales \u00e0 St L\u00e9ger-sous-Beuvray. Apr\u00e8s 2 ann\u00e9es de formation, un Brevet Professionnel de Responsable en Exploitation Agricole en agriculture biologique \u00e0 Chateau-Chinon et un Certificat de Sp\u00e9cialisation en Plantes Aromatiques et M\u00e9dicinales \u00e0 Montmorot nous sommes enfin pr\u00eats en 2022 \u00e0 nous lancer dans la merveilleuse aventure de l&#8217;agriculture paysanne&nbsp;: [&hellip;]<\/p>\n","protected":false},"author":1,"featured_media":0,"parent":0,"menu_order":0,"comment_status":"closed","ping_status":"closed","template":"","meta":{"footnotes":""},"class_list":["post-64","page","type-page","status-publish","hentry"],"jetpack_sharing_enabled":true,"_links":{"self":[{"href":"https:\/\/stellaria-morvan.fr\/index.php\/wp-json\/wp\/v2\/pages\/64","targetHints":{"allow":["GET"]}}],"collection":[{"href":"https:\/\/stellaria-morvan.fr\/index.php\/wp-json\/wp\/v2\/pages"}],"about":[{"href":"https:\/\/stellaria-morvan.fr\/index.php\/wp-json\/wp\/v2\/types\/page"}],"author":[{"embeddable":true,"href":"https:\/\/stellaria-morvan.fr\/index.php\/wp-json\/wp\/v2\/users\/1"}],"replies":[{"embeddable":true,"href":"https:\/\/stellaria-morvan.fr\/index.php\/wp-json\/wp\/v2\/comments?post=64"}],"version-history":[{"count":18,"href":"https:\/\/stellaria-morvan.fr\/index.php\/wp-json\/wp\/v2\/pages\/64\/revisions"}],"predecessor-version":[{"id":207,"href":"https:\/\/stellaria-morvan.fr\/index.php\/wp-json\/wp\/v2\/pages\/64\/revisions\/207"}],"wp:attachment":[{"href":"https:\/\/stellaria-morvan.fr\/index.php\/wp-json\/wp\/v2\/media?parent=64"}],"curies":[{"name":"wp","href":"https:\/\/api.w.org\/{rel}","templated":true}]}}